{"id":106,"date":"2023-01-09T10:44:21","date_gmt":"2023-01-09T15:44:21","guid":{"rendered":"https:\/\/idev.ca\/?page_id=106"},"modified":"2023-02-01T13:32:18","modified_gmt":"2023-02-01T18:32:18","slug":"a-propos","status":"publish","type":"page","link":"https:\/\/idev.ca\/fr\/a-propos\/","title":{"rendered":"\u00c0 propos"},"content":{"rendered":"\t\t<div data-elementor-type=\"wp-page\" data-elementor-id=\"106\" class=\"elementor elementor-106\" data-elementor-post-type=\"page\">\n\t\t\t\t\t\t<section class=\"elementor-section elementor-top-section elementor-element elementor-element-9376b40 elementor-section-full_width elementor-section-stretched elementor-section-height-default elementor-section-height-default\" data-id=\"9376b40\" data-element_type=\"section\" data-e-type=\"section\" data-settings=\"{&quot;background_background&quot;:&quot;classic&quot;,&quot;stretch_section&quot;:&quot;section-stretched&quot;}\">\n\t\t\t\t\t\t\t<div class=\"elementor-background-overlay\"><\/div>\n\t\t\t\t\t\t\t<div class=\"elementor-container elementor-column-gap-default\">\n\t\t\t\t\t<div class=\"elementor-column elementor-col-50 elementor-top-column elementor-element elementor-element-3c6a07d col_calc_left_contact\" data-id=\"3c6a07d\" data-element_type=\"column\" data-e-type=\"column\" data-settings=\"{&quot;background_background&quot;:&quot;classic&quot;}\">\n\t\t\t<div class=\"elementor-widget-wrap elementor-element-populated\">\n\t\t\t\t\t\t<div class=\"elementor-element elementor-element-a877280 elementor-widget elementor-widget-heading\" data-id=\"a877280\" data-element_type=\"widget\" data-e-type=\"widget\" data-widget_type=\"heading.default\">\n\t\t\t\t<div class=\"elementor-widget-container\">\n\t\t\t\t\t<h1 class=\"elementor-heading-title elementor-size-default\">\u00c0 propos de nous<\/h1>\t\t\t\t<\/div>\n\t\t\t\t<\/div>\n\t\t\t\t<div class=\"elementor-element elementor-element-e04af2e elementor-widget elementor-widget-heading\" data-id=\"e04af2e\" data-element_type=\"widget\" data-e-type=\"widget\" data-widget_type=\"heading.default\">\n\t\t\t\t<div class=\"elementor-widget-container\">\n\t\t\t\t\t<h4 class=\"elementor-heading-title elementor-size-default\">Depuis 25 ans, IDEV fournit des services-conseils de qualit\u00e9 au sein de grandes entreprises et du gouvernement du Canada dans la r\u00e9gion de la capitale nationale. Gr\u00e2ce \u00e0 la force de notre marque, nous permettons \u00e0 nos clients d\u2019acc\u00e9der aux talents sp\u00e9cialis\u00e9s dont ils ont besoin pour d\u00e9velopper leurs entreprises.  <\/h4>\t\t\t\t<\/div>\n\t\t\t\t<\/div>\n\t\t\t\t\t<\/div>\n\t\t<\/div>\n\t\t\t\t<div class=\"elementor-column elementor-col-50 elementor-top-column elementor-element elementor-element-b35f4bf\" data-id=\"b35f4bf\" data-element_type=\"column\" data-e-type=\"column\">\n\t\t\t<div class=\"elementor-widget-wrap elementor-element-populated\">\n\t\t\t\t\t\t<div class=\"elementor-element elementor-element-aa12b5f elementor-widget elementor-widget-image\" data-id=\"aa12b5f\" data-element_type=\"widget\" data-e-type=\"widget\" data-widget_type=\"image.default\">\n\t\t\t\t<div class=\"elementor-widget-container\">\n\t\t\t\t\t\t\t\t\t\t\t\t\t\t\t<img fetchpriority=\"high\" decoding=\"async\" width=\"2000\" height=\"1335\" src=\"https:\/\/idev.ca\/wp-content\/uploads\/2023\/01\/idev-solutions-a-propos.jpg\" class=\"attachment-full size-full wp-image-700\" alt=\"\" srcset=\"https:\/\/idev.ca\/wp-content\/uploads\/2023\/01\/idev-solutions-a-propos.jpg 2000w, https:\/\/idev.ca\/wp-content\/uploads\/2023\/01\/idev-solutions-a-propos-300x200.jpg 300w, https:\/\/idev.ca\/wp-content\/uploads\/2023\/01\/idev-solutions-a-propos-1024x684.jpg 1024w, https:\/\/idev.ca\/wp-content\/uploads\/2023\/01\/idev-solutions-a-propos-768x513.jpg 768w, https:\/\/idev.ca\/wp-content\/uploads\/2023\/01\/idev-solutions-a-propos-1536x1025.jpg 1536w\" sizes=\"(max-width: 2000px) 100vw, 2000px\" \/>\t\t\t\t\t\t\t\t\t\t\t\t\t\t\t<\/div>\n\t\t\t\t<\/div>\n\t\t\t\t\t<\/div>\n\t\t<\/div>\n\t\t\t\t\t<\/div>\n\t\t<\/section>\n\t\t\t\t<section class=\"elementor-section elementor-top-section elementor-element elementor-element-cbad08e elementor-reverse-tablet elementor-section-boxed elementor-section-height-default elementor-section-height-default\" data-id=\"cbad08e\" data-element_type=\"section\" data-e-type=\"section\">\n\t\t\t\t\t\t<div class=\"elementor-container elementor-column-gap-default\">\n\t\t\t\t\t<div class=\"elementor-column elementor-col-50 elementor-top-column elementor-element elementor-element-9fa0457 elementor-hidden-mobile elementor-invisible\" data-id=\"9fa0457\" data-element_type=\"column\" data-e-type=\"column\" data-settings=\"{&quot;animation&quot;:&quot;fadeInLeft&quot;,&quot;background_background&quot;:&quot;classic&quot;}\">\n\t\t\t<div class=\"elementor-widget-wrap elementor-element-populated\">\n\t\t\t\t\t\t<div class=\"elementor-element elementor-element-8e93e3b elementor-widget elementor-widget-image\" data-id=\"8e93e3b\" data-element_type=\"widget\" data-e-type=\"widget\" data-widget_type=\"image.default\">\n\t\t\t\t<div class=\"elementor-widget-container\">\n\t\t\t\t\t\t\t\t\t\t\t\t\t\t\t<img decoding=\"async\" width=\"2000\" height=\"1500\" src=\"https:\/\/idev.ca\/wp-content\/uploads\/2023\/01\/idev-solutions-histoire.jpg\" class=\"attachment-full size-full wp-image-714\" alt=\"\" srcset=\"https:\/\/idev.ca\/wp-content\/uploads\/2023\/01\/idev-solutions-histoire.jpg 2000w, https:\/\/idev.ca\/wp-content\/uploads\/2023\/01\/idev-solutions-histoire-300x225.jpg 300w, https:\/\/idev.ca\/wp-content\/uploads\/2023\/01\/idev-solutions-histoire-1024x768.jpg 1024w, https:\/\/idev.ca\/wp-content\/uploads\/2023\/01\/idev-solutions-histoire-768x576.jpg 768w, https:\/\/idev.ca\/wp-content\/uploads\/2023\/01\/idev-solutions-histoire-1536x1152.jpg 1536w\" sizes=\"(max-width: 2000px) 100vw, 2000px\" \/>\t\t\t\t\t\t\t\t\t\t\t\t\t\t\t<\/div>\n\t\t\t\t<\/div>\n\t\t\t\t\t<\/div>\n\t\t<\/div>\n\t\t\t\t<div class=\"elementor-column elementor-col-50 elementor-top-column elementor-element elementor-element-9ebeb51\" data-id=\"9ebeb51\" data-element_type=\"column\" data-e-type=\"column\">\n\t\t\t<div class=\"elementor-widget-wrap elementor-element-populated\">\n\t\t\t\t\t\t<section class=\"elementor-section elementor-inner-section elementor-element elementor-element-df5cf19 elementor-section-boxed elementor-section-height-default elementor-section-height-default elementor-invisible\" data-id=\"df5cf19\" data-element_type=\"section\" data-e-type=\"section\" data-settings=\"{&quot;background_background&quot;:&quot;classic&quot;,&quot;animation&quot;:&quot;fadeInRight&quot;}\">\n\t\t\t\t\t\t<div class=\"elementor-container elementor-column-gap-default\">\n\t\t\t\t\t<div class=\"elementor-column elementor-col-100 elementor-inner-column elementor-element elementor-element-ad8f1fd\" data-id=\"ad8f1fd\" data-element_type=\"column\" data-e-type=\"column\">\n\t\t\t<div class=\"elementor-widget-wrap elementor-element-populated\">\n\t\t\t\t\t\t<div class=\"elementor-element elementor-element-f9bcd50 elementor-widget elementor-widget-heading\" data-id=\"f9bcd50\" data-element_type=\"widget\" data-e-type=\"widget\" data-widget_type=\"heading.default\">\n\t\t\t\t<div class=\"elementor-widget-container\">\n\t\t\t\t\t<h2 class=\"elementor-heading-title elementor-size-default\">Notre histoire<\/h2>\t\t\t\t<\/div>\n\t\t\t\t<\/div>\n\t\t\t\t<div class=\"elementor-element elementor-element-a7c6f51 elementor-widget elementor-widget-text-editor\" data-id=\"a7c6f51\" data-element_type=\"widget\" data-e-type=\"widget\" data-widget_type=\"text-editor.default\">\n\t\t\t\t<div class=\"elementor-widget-container\">\n\t\t\t\t\t\t\t\t\t<p>Fond\u00e9e en 1998, IDEV a fait ses preuves dans l\u2019\u00e9tablissement de relations \u00e0 long terme avec clients et candidats, et en associant efficacement les meilleurs candidats aux postes appropri\u00e9s, garantissant ainsi le succ\u00e8s de tous.<\/p><p>IDEV poss\u00e8de une vaste expertise dans le rendement de solutions commerciales informatiques pour le d\u00e9veloppement de syst\u00e8mes et la gestion de projets. IDEV fournit avec succ\u00e8s une vari\u00e9t\u00e9 de solutions commerciales informatiques innovantes \u00e0 ses clients, y compris la planification strat\u00e9gique, le d\u00e9veloppement des exigences commerciales, le d\u00e9veloppement d\u2019applications et les solutions Internet.<\/p><p>IDEV est en mesure d\u2019offrir des ressources bilingues \u00e0 ses clients dans le besoin dans l\u2019une ou l\u2019autre des langues officielles (anglais et fran\u00e7ais) et toutes les ressources propos\u00e9es ont une cote de s\u00e9curit\u00e9 du personnel valide.<\/p><p>Pionniers en mati\u00e8re de solutions de gestion des talents professionnels, nous avons sans cesse \u00e9volu\u00e9 au fil des besoins du march\u00e9.<\/p>\t\t\t\t\t\t\t\t<\/div>\n\t\t\t\t<\/div>\n\t\t\t\t\t<\/div>\n\t\t<\/div>\n\t\t\t\t\t<\/div>\n\t\t<\/section>\n\t\t\t\t\t<\/div>\n\t\t<\/div>\n\t\t\t\t\t<\/div>\n\t\t<\/section>\n\t\t\t\t<section class=\"elementor-section elementor-top-section elementor-element elementor-element-5f864ee elementor-section-full_width elementor-section-stretched elementor-reverse-tablet elementor-section-height-default elementor-section-height-default\" data-id=\"5f864ee\" data-element_type=\"section\" data-e-type=\"section\" data-settings=\"{&quot;stretch_section&quot;:&quot;section-stretched&quot;,&quot;background_background&quot;:&quot;classic&quot;}\">\n\t\t\t\t\t\t<div class=\"elementor-container elementor-column-gap-no\">\n\t\t\t\t\t<div class=\"elementor-column elementor-col-100 elementor-top-column elementor-element elementor-element-0f96621\" data-id=\"0f96621\" data-element_type=\"column\" data-e-type=\"column\">\n\t\t\t<div class=\"elementor-widget-wrap elementor-element-populated\">\n\t\t\t\t\t\t<section class=\"elementor-section elementor-inner-section elementor-element elementor-element-fadce85 elementor-section-full_width elementor-section-height-default elementor-section-height-default\" data-id=\"fadce85\" data-element_type=\"section\" data-e-type=\"section\">\n\t\t\t\t\t\t<div class=\"elementor-container elementor-column-gap-no\">\n\t\t\t\t\t<div class=\"elementor-column elementor-col-50 elementor-inner-column elementor-element elementor-element-7091487 a_propos_ht_bg elementor-hidden-tablet elementor-hidden-mobile\" data-id=\"7091487\" data-element_type=\"column\" data-e-type=\"column\" data-settings=\"{&quot;background_background&quot;:&quot;classic&quot;}\">\n\t\t\t<div class=\"elementor-widget-wrap\">\n\t\t\t\t\t\t\t<\/div>\n\t\t<\/div>\n\t\t\t\t<div class=\"elementor-column elementor-col-50 elementor-inner-column elementor-element elementor-element-4d1396b col_calc_right\" data-id=\"4d1396b\" data-element_type=\"column\" data-e-type=\"column\">\n\t\t\t<div class=\"elementor-widget-wrap elementor-element-populated\">\n\t\t\t\t\t\t<div class=\"elementor-element elementor-element-5cb33cd no_margin_bt elementor-widget elementor-widget-heading\" data-id=\"5cb33cd\" data-element_type=\"widget\" data-e-type=\"widget\" data-widget_type=\"heading.default\">\n\t\t\t\t<div class=\"elementor-widget-container\">\n\t\t\t\t\t<h6 class=\"elementor-heading-title elementor-size-default\">Mission<\/h6>\t\t\t\t<\/div>\n\t\t\t\t<\/div>\n\t\t\t\t<div class=\"elementor-element elementor-element-fdcb21e elementor-widget elementor-widget-heading\" data-id=\"fdcb21e\" data-element_type=\"widget\" data-e-type=\"widget\" data-widget_type=\"heading.default\">\n\t\t\t\t<div class=\"elementor-widget-container\">\n\t\t\t\t\t<h2 class=\"elementor-heading-title elementor-size-default\">\u00c0 la recherche<br>\nde <span>l\u2019excellence !<\/span><\/h2>\t\t\t\t<\/div>\n\t\t\t\t<\/div>\n\t\t\t\t<div class=\"elementor-element elementor-element-8805e40 elementor-widget elementor-widget-text-editor\" data-id=\"8805e40\" data-element_type=\"widget\" data-e-type=\"widget\" data-widget_type=\"text-editor.default\">\n\t\t\t\t<div class=\"elementor-widget-container\">\n\t\t\t\t\t\t\t\t\t<p>Notre r\u00e9putation professionnelle \u00e9mane de notre rigoureux processus de s\u00e9lection, de notre m\u00e9thodologie de recrutement et des relations de confiance que nous entretenons avec nos clients et consultants.<\/p><p>Cette philosophie d\u2019entreprise impr\u00e8gne le succ\u00e8s que IDEV conna\u00eet depuis pr\u00e8s de 25 ans.<\/p>\t\t\t\t\t\t\t\t<\/div>\n\t\t\t\t<\/div>\n\t\t\t\t<div class=\"elementor-element elementor-element-f734212 elementor-tablet-align-center elementor-widget elementor-widget-button\" data-id=\"f734212\" data-element_type=\"widget\" data-e-type=\"widget\" data-widget_type=\"button.default\">\n\t\t\t\t<div class=\"elementor-widget-container\">\n\t\t\t\t\t\t\t\t\t<div class=\"elementor-button-wrapper\">\n\t\t\t\t\t<a class=\"elementor-button elementor-button-link elementor-size-md\" href=\"\/fr\/contactez-nous\/\">\n\t\t\t\t\t\t<span class=\"elementor-button-content-wrapper\">\n\t\t\t\t\t\t\t\t\t<span class=\"elementor-button-text\">Contactez-nous<\/span>\n\t\t\t\t\t<\/span>\n\t\t\t\t\t<\/a>\n\t\t\t\t<\/div>\n\t\t\t\t\t\t\t\t<\/div>\n\t\t\t\t<\/div>\n\t\t\t\t\t<\/div>\n\t\t<\/div>\n\t\t\t\t\t<\/div>\n\t\t<\/section>\n\t\t\t\t\t<\/div>\n\t\t<\/div>\n\t\t\t\t\t<\/div>\n\t\t<\/section>\n\t\t\t\t<section class=\"elementor-section elementor-top-section elementor-element elementor-element-5c51695 elementor-reverse-tablet elementor-section-boxed elementor-section-height-default elementor-section-height-default\" data-id=\"5c51695\" data-element_type=\"section\" data-e-type=\"section\">\n\t\t\t\t\t\t<div class=\"elementor-container elementor-column-gap-default\">\n\t\t\t\t\t<div class=\"elementor-column elementor-col-50 elementor-top-column elementor-element elementor-element-16c9fea elementor-invisible\" data-id=\"16c9fea\" data-element_type=\"column\" data-e-type=\"column\" data-settings=\"{&quot;animation&quot;:&quot;fadeInLeft&quot;}\">\n\t\t\t<div class=\"elementor-widget-wrap elementor-element-populated\">\n\t\t\t\t\t\t<section class=\"elementor-section elementor-inner-section elementor-element elementor-element-8abcd54 elementor-section-boxed elementor-section-height-default elementor-section-height-default elementor-invisible\" data-id=\"8abcd54\" data-element_type=\"section\" data-e-type=\"section\" data-settings=\"{&quot;background_background&quot;:&quot;classic&quot;,&quot;animation&quot;:&quot;fadeInRight&quot;}\">\n\t\t\t\t\t\t<div class=\"elementor-container elementor-column-gap-default\">\n\t\t\t\t\t<div class=\"elementor-column elementor-col-100 elementor-inner-column elementor-element elementor-element-e490f2f a_propos_vision elementor-invisible\" data-id=\"e490f2f\" data-element_type=\"column\" data-e-type=\"column\" data-settings=\"{&quot;background_background&quot;:&quot;classic&quot;,&quot;animation&quot;:&quot;fadeInLeft&quot;}\">\n\t\t\t<div class=\"elementor-widget-wrap elementor-element-populated\">\n\t\t\t\t\t\t<div class=\"elementor-element elementor-element-1b2dd75 no_margin_bt elementor-widget elementor-widget-heading\" data-id=\"1b2dd75\" data-element_type=\"widget\" data-e-type=\"widget\" data-widget_type=\"heading.default\">\n\t\t\t\t<div class=\"elementor-widget-container\">\n\t\t\t\t\t<h6 class=\"elementor-heading-title elementor-size-default\">Mission<\/h6>\t\t\t\t<\/div>\n\t\t\t\t<\/div>\n\t\t\t\t<div class=\"elementor-element elementor-element-a6215be elementor-widget elementor-widget-heading\" data-id=\"a6215be\" data-element_type=\"widget\" data-e-type=\"widget\" data-widget_type=\"heading.default\">\n\t\t\t\t<div class=\"elementor-widget-container\">\n\t\t\t\t\t<h2 class=\"elementor-heading-title elementor-size-default\">Notre vision<\/h2>\t\t\t\t<\/div>\n\t\t\t\t<\/div>\n\t\t\t\t<div class=\"elementor-element elementor-element-4d64343 elementor-widget elementor-widget-text-editor\" data-id=\"4d64343\" data-element_type=\"widget\" data-e-type=\"widget\" data-widget_type=\"text-editor.default\">\n\t\t\t\t<div class=\"elementor-widget-container\">\n\t\t\t\t\t\t\t\t\t<p>R\u00e9pondre aux besoins de main-d\u2019\u0153uvre recherch\u00e9 au sein du gouvernement du Canada et des entreprises priv\u00e9es de la r\u00e9gion de la capitale Nationale.<\/p><p>Nous avons \u00e0 c\u0153ur nos employ\u00e9(e)s ainsi que les int\u00e9r\u00eats de nos clients. Nous offrons un service personnalis\u00e9, efficace et facile afin de parfaitement r\u00e9pondre \u00e0 vos attentes.<\/p>\t\t\t\t\t\t\t\t<\/div>\n\t\t\t\t<\/div>\n\t\t\t\t<div class=\"elementor-element elementor-element-a25a647 elementor-tablet-align-center elementor-widget elementor-widget-button\" data-id=\"a25a647\" data-element_type=\"widget\" data-e-type=\"widget\" data-widget_type=\"button.default\">\n\t\t\t\t<div class=\"elementor-widget-container\">\n\t\t\t\t\t\t\t\t\t<div class=\"elementor-button-wrapper\">\n\t\t\t\t\t<a class=\"elementor-button elementor-button-link elementor-size-md\" href=\"\/fr\/contactez-nous\/\">\n\t\t\t\t\t\t<span class=\"elementor-button-content-wrapper\">\n\t\t\t\t\t\t\t\t\t<span class=\"elementor-button-text\">Contactez-nous<\/span>\n\t\t\t\t\t<\/span>\n\t\t\t\t\t<\/a>\n\t\t\t\t<\/div>\n\t\t\t\t\t\t\t\t<\/div>\n\t\t\t\t<\/div>\n\t\t\t\t\t<\/div>\n\t\t<\/div>\n\t\t\t\t\t<\/div>\n\t\t<\/section>\n\t\t\t\t\t<\/div>\n\t\t<\/div>\n\t\t\t\t<div class=\"elementor-column elementor-col-50 elementor-top-column elementor-element elementor-element-7ad8d0d elementor-hidden-mobile elementor-invisible\" data-id=\"7ad8d0d\" data-element_type=\"column\" data-e-type=\"column\" data-settings=\"{&quot;animation&quot;:&quot;fadeInRight&quot;,&quot;background_background&quot;:&quot;classic&quot;}\">\n\t\t\t<div class=\"elementor-widget-wrap elementor-element-populated\">\n\t\t\t\t\t\t<div class=\"elementor-element elementor-element-3a7dd43 elementor-widget elementor-widget-image\" data-id=\"3a7dd43\" data-element_type=\"widget\" data-e-type=\"widget\" data-widget_type=\"image.default\">\n\t\t\t\t<div class=\"elementor-widget-container\">\n\t\t\t\t\t\t\t\t\t\t\t\t\t\t\t<img decoding=\"async\" width=\"2180\" height=\"1500\" src=\"https:\/\/idev.ca\/wp-content\/uploads\/2023\/01\/idev-solutions-a-propos-.jpg\" class=\"attachment-full size-full wp-image-857\" alt=\"\" srcset=\"https:\/\/idev.ca\/wp-content\/uploads\/2023\/01\/idev-solutions-a-propos-.jpg 2180w, https:\/\/idev.ca\/wp-content\/uploads\/2023\/01\/idev-solutions-a-propos--300x206.jpg 300w, https:\/\/idev.ca\/wp-content\/uploads\/2023\/01\/idev-solutions-a-propos--1024x705.jpg 1024w, https:\/\/idev.ca\/wp-content\/uploads\/2023\/01\/idev-solutions-a-propos--768x528.jpg 768w, https:\/\/idev.ca\/wp-content\/uploads\/2023\/01\/idev-solutions-a-propos--1536x1057.jpg 1536w, https:\/\/idev.ca\/wp-content\/uploads\/2023\/01\/idev-solutions-a-propos--2048x1409.jpg 2048w\" sizes=\"(max-width: 2180px) 100vw, 2180px\" \/>\t\t\t\t\t\t\t\t\t\t\t\t\t\t\t<\/div>\n\t\t\t\t<\/div>\n\t\t\t\t\t<\/div>\n\t\t<\/div>\n\t\t\t\t\t<\/div>\n\t\t<\/section>\n\t\t\t\t<section class=\"elementor-section elementor-top-section elementor-element elementor-element-79b74a8 elementor-section-boxed elementor-section-height-default elementor-section-height-default\" data-id=\"79b74a8\" data-element_type=\"section\" data-e-type=\"section\" data-settings=\"{&quot;background_background&quot;:&quot;classic&quot;}\">\n\t\t\t\t\t\t\t<div class=\"elementor-background-overlay\"><\/div>\n\t\t\t\t\t\t\t<div class=\"elementor-container elementor-column-gap-default\">\n\t\t\t\t\t<div class=\"elementor-column elementor-col-100 elementor-top-column elementor-element elementor-element-1cf4e6c elementor-invisible\" data-id=\"1cf4e6c\" data-element_type=\"column\" data-e-type=\"column\" data-settings=\"{&quot;animation&quot;:&quot;fadeInLeft&quot;}\">\n\t\t\t<div class=\"elementor-widget-wrap elementor-element-populated\">\n\t\t\t\t\t\t<div class=\"elementor-element elementor-element-ee47bd1 elementor-widget elementor-widget-heading\" data-id=\"ee47bd1\" data-element_type=\"widget\" data-e-type=\"widget\" data-widget_type=\"heading.default\">\n\t\t\t\t<div class=\"elementor-widget-container\">\n\t\t\t\t\t<h2 class=\"elementor-heading-title elementor-size-default\">Nos consultants sont professionnels, comp\u00e9tents et d\u00e9vou\u00e9s \u00e0 travailler pour nos clients ; peu importe la taille de vos projets. <\/h2>\t\t\t\t<\/div>\n\t\t\t\t<\/div>\n\t\t\t\t<div class=\"elementor-element elementor-element-e088e22 elementor-widget elementor-widget-text-editor\" data-id=\"e088e22\" data-element_type=\"widget\" data-e-type=\"widget\" data-widget_type=\"text-editor.default\">\n\t\t\t\t<div class=\"elementor-widget-container\">\n\t\t\t\t\t\t\t\t\tDepuis 1998, IDEV est un partenaire cl\u00e9 pour des r\u00e9sultats au-del\u00e0 de vos attentes.\t\t\t\t\t\t\t\t<\/div>\n\t\t\t\t<\/div>\n\t\t\t\t<div class=\"elementor-element elementor-element-14f17c3 elementor-tablet-align-center elementor-widget elementor-widget-button\" data-id=\"14f17c3\" data-element_type=\"widget\" data-e-type=\"widget\" data-widget_type=\"button.default\">\n\t\t\t\t<div class=\"elementor-widget-container\">\n\t\t\t\t\t\t\t\t\t<div class=\"elementor-button-wrapper\">\n\t\t\t\t\t<a class=\"elementor-button elementor-button-link elementor-size-lg\" href=\"\/fr\/contactez-nous\/\">\n\t\t\t\t\t\t<span class=\"elementor-button-content-wrapper\">\n\t\t\t\t\t\t\t\t\t<span class=\"elementor-button-text\">Contactez-nous<\/span>\n\t\t\t\t\t<\/span>\n\t\t\t\t\t<\/a>\n\t\t\t\t<\/div>\n\t\t\t\t\t\t\t\t<\/div>\n\t\t\t\t<\/div>\n\t\t\t\t\t<\/div>\n\t\t<\/div>\n\t\t\t\t\t<\/div>\n\t\t<\/section>\n\t\t\t\t<\/div>\n\t\t","protected":false},"excerpt":{"rendered":"<p>\u00c0 propos de nous Depuis 25 ans, IDEV fournit des services-conseils de qualit\u00e9 au sein de grandes entreprises et du gouvernement du Canada dans la r\u00e9gion de la capitale nationale. Gr\u00e2ce \u00e0 la force de notre marque, nous permettons \u00e0 nos clients d\u2019acc\u00e9der aux talents sp\u00e9cialis\u00e9s dont ils ont besoin pour d\u00e9velopper leurs entreprises. Notre [&hellip;]<\/p>\n","protected":false},"author":1,"featured_media":0,"parent":0,"menu_order":0,"comment_status":"closed","ping_status":"closed","template":"","meta":{"_seopress_robots_primary_cat":"","_seopress_titles_title":"\u00c0 propos de nous | IDEV Solutions","_seopress_titles_desc":"Gr\u00e2ce \u00e0 la force de notre marque, nous permettons \u00e0 nos clients d\u2019acc\u00e9der aux talents sp\u00e9cialis\u00e9s dont ils ont besoin pour d\u00e9velopper leurs entreprises.","_seopress_robots_index":"","inline_featured_image":false,"footnotes":""},"class_list":["post-106","page","type-page","status-publish","hentry"],"_links":{"self":[{"href":"https:\/\/idev.ca\/fr\/wp-json\/wp\/v2\/pages\/106","targetHints":{"allow":["GET"]}}],"collection":[{"href":"https:\/\/idev.ca\/fr\/wp-json\/wp\/v2\/pages"}],"about":[{"href":"https:\/\/idev.ca\/fr\/wp-json\/wp\/v2\/types\/page"}],"author":[{"embeddable":true,"href":"https:\/\/idev.ca\/fr\/wp-json\/wp\/v2\/users\/1"}],"replies":[{"embeddable":true,"href":"https:\/\/idev.ca\/fr\/wp-json\/wp\/v2\/comments?post=106"}],"version-history":[{"count":207,"href":"https:\/\/idev.ca\/fr\/wp-json\/wp\/v2\/pages\/106\/revisions"}],"predecessor-version":[{"id":1569,"href":"https:\/\/idev.ca\/fr\/wp-json\/wp\/v2\/pages\/106\/revisions\/1569"}],"wp:attachment":[{"href":"https:\/\/idev.ca\/fr\/wp-json\/wp\/v2\/media?parent=106"}],"curies":[{"name":"wp","href":"https:\/\/api.w.org\/{rel}","templated":true}]}}